{"id":851,"date":"2014-08-09T18:53:40","date_gmt":"2014-08-09T18:53:40","guid":{"rendered":"http:\/\/themes.ingwar.net\/swagger\/?post_type=product&#038;p=851"},"modified":"2016-12-15T07:54:45","modified_gmt":"2016-12-15T07:54:45","slug":"altin-zincir","status":"publish","type":"product","link":"http:\/\/www.arkar.com.tr\/?product=altin-zincir","title":{"rendered":"Alt\u0131n zincir"},"content":{"rendered":"<p>Yenilik\u00e7i ve klasik yorumlar\u0131n ve usta i\u015f\u00e7ili\u011fin kalite ile bulu\u015ftu\u011fu g\u00f6steri\u015fli zincir tasar\u0131mlar\u0131n\u0131 incelemek i\u00e7in ma\u011fazam\u0131z\u0131 ziyaret ediniz.<\/p>\n","protected":false},"excerpt":{"rendered":"<p>Yenilik\u00e7i ve klasik yorumlar\u0131n ve usta i\u015f\u00e7ili\u011fin kalite ile bulu\u015ftu\u011fu g\u00f6steri\u015fli zincir tasar\u0131mlar\u0131n\u0131 incelemek i\u00e7in ma\u011fazam\u0131z\u0131 ziyaret ediniz.<\/p>\n","protected":false},"featured_media":1047,"comment_status":"closed","ping_status":"closed","template":"","meta":[],"product_brand":[],"product_cat":[53],"product_tag":[67,77],"class_list":{"0":"post-851","1":"product","2":"type-product","3":"status-publish","4":"has-post-thumbnail","6":"product_cat-zincir","7":"product_tag-altin","8":"product_tag-zincir","11":"first","12":"instock","13":"taxable","14":"shipping-taxable","15":"product-type-simple"},"_links":{"self":[{"href":"http:\/\/www.arkar.com.tr\/index.php?rest_route=\/wp\/v2\/product\/851","targetHints":{"allow":["GET"]}}],"collection":[{"href":"http:\/\/www.arkar.com.tr\/index.php?rest_route=\/wp\/v2\/product"}],"about":[{"href":"http:\/\/www.arkar.com.tr\/index.php?rest_route=\/wp\/v2\/types\/product"}],"replies":[{"embeddable":true,"href":"http:\/\/www.arkar.com.tr\/index.php?rest_route=%2Fwp%2Fv2%2Fcomments&post=851"}],"wp:featuredmedia":[{"embeddable":true,"href":"http:\/\/www.arkar.com.tr\/index.php?rest_route=\/wp\/v2\/media\/1047"}],"wp:attachment":[{"href":"http:\/\/www.arkar.com.tr\/index.php?rest_route=%2Fwp%2Fv2%2Fmedia&parent=851"}],"wp:term":[{"taxonomy":"product_brand","embeddable":true,"href":"http:\/\/www.arkar.com.tr\/index.php?rest_route=%2Fwp%2Fv2%2Fproduct_brand&post=851"},{"taxonomy":"product_cat","embeddable":true,"href":"http:\/\/www.arkar.com.tr\/index.php?rest_route=%2Fwp%2Fv2%2Fproduct_cat&post=851"},{"taxonomy":"product_tag","embeddable":true,"href":"http:\/\/www.arkar.com.tr\/index.php?rest_route=%2Fwp%2Fv2%2Fproduct_tag&post=851"}],"curies":[{"name":"wp","href":"https:\/\/api.w.org\/{rel}","templated":true}]}}