{"id":690,"date":"2014-07-28T20:51:46","date_gmt":"2014-07-28T20:51:46","guid":{"rendered":"http:\/\/themes.ingwar.net\/swagger\/?post_type=product&#038;p=690"},"modified":"2016-12-15T08:00:17","modified_gmt":"2016-12-15T08:00:17","slug":"ziynet","status":"publish","type":"product","link":"http:\/\/www.arkar.com.tr\/?product=ziynet","title":{"rendered":"Ziynet"},"content":{"rendered":"<p>Tam, yar\u0131m, \u00e7eyrek, ziynet, Re\u015fat, Cumhuriyet Ata, T\u00fcm ziynet alt\u0131n \u00fcr\u00fcnlerini ma\u011fazam\u0131zdan temin edebilirsiniz.<\/p>\n","protected":false},"excerpt":{"rendered":"<p>Tam, yar\u0131m, \u00e7eyrek, ziynet, Re\u015fat, Cumhuriyet Ata, T\u00fcm ziynet alt\u0131n \u00fcr\u00fcnlerini ma\u011fazam\u0131zdan temin edebilirsiniz.<\/p>\n","protected":false},"featured_media":1048,"comment_status":"closed","ping_status":"closed","template":"","meta":[],"product_brand":[],"product_cat":[66],"product_tag":[67,79,80,78],"class_list":{"0":"post-690","1":"product","2":"type-product","3":"status-publish","4":"has-post-thumbnail","6":"product_cat-ziynet","7":"product_tag-altin","8":"product_tag-ata","9":"product_tag-cumhuriyet","10":"product_tag-ziynet","13":"first","14":"instock","15":"taxable","16":"shipping-taxable","17":"product-type-simple"},"_links":{"self":[{"href":"http:\/\/www.arkar.com.tr\/index.php?rest_route=\/wp\/v2\/product\/690","targetHints":{"allow":["GET"]}}],"collection":[{"href":"http:\/\/www.arkar.com.tr\/index.php?rest_route=\/wp\/v2\/product"}],"about":[{"href":"http:\/\/www.arkar.com.tr\/index.php?rest_route=\/wp\/v2\/types\/product"}],"replies":[{"embeddable":true,"href":"http:\/\/www.arkar.com.tr\/index.php?rest_route=%2Fwp%2Fv2%2Fcomments&post=690"}],"wp:featuredmedia":[{"embeddable":true,"href":"http:\/\/www.arkar.com.tr\/index.php?rest_route=\/wp\/v2\/media\/1048"}],"wp:attachment":[{"href":"http:\/\/www.arkar.com.tr\/index.php?rest_route=%2Fwp%2Fv2%2Fmedia&parent=690"}],"wp:term":[{"taxonomy":"product_brand","embeddable":true,"href":"http:\/\/www.arkar.com.tr\/index.php?rest_route=%2Fwp%2Fv2%2Fproduct_brand&post=690"},{"taxonomy":"product_cat","embeddable":true,"href":"http:\/\/www.arkar.com.tr\/index.php?rest_route=%2Fwp%2Fv2%2Fproduct_cat&post=690"},{"taxonomy":"product_tag","embeddable":true,"href":"http:\/\/www.arkar.com.tr\/index.php?rest_route=%2Fwp%2Fv2%2Fproduct_tag&post=690"}],"curies":[{"name":"wp","href":"https:\/\/api.w.org\/{rel}","templated":true}]}}