{"id":672,"date":"2014-08-30T16:40:03","date_gmt":"2014-08-30T16:40:03","guid":{"rendered":"http:\/\/themes.ingwar.net\/swagger\/?post_type=product&#038;p=672"},"modified":"2016-12-15T07:46:32","modified_gmt":"2016-12-15T07:46:32","slug":"altin-tek-tas-yuzuk","status":"publish","type":"product","link":"http:\/\/www.arkar.com.tr\/?product=altin-tek-tas-yuzuk","title":{"rendered":"Alt\u0131n Tek Ta\u015f Y\u00fcz\u00fck"},"content":{"rendered":"<p>I\u015f\u0131lt\u0131s\u0131 ile g\u00f6z kama\u015ft\u0131ran tekta\u015f y\u00fcz\u00fcklerimiz, zarafeti ile t\u00fcm bak\u0131\u015flar\u0131 \u00fczerinizde toplayacak.. Bir\u00e7ok farkl\u0131 fiyatlarda tekta\u015f y\u00fcz\u00fck alternatiflerini bulabilir, farkl\u0131 se\u00e7enekleri ile hayalinizdeki y\u00fcz\u00fc\u011fe ula\u015fabilirsiniz. Sade bir tek ta\u015f m\u0131? Ya da akl\u0131n\u0131zdaki kalp fig\u00fcrl\u00fc daha modern bir tekta\u015f modeli mi? T\u00fcm tekta\u015f y\u00fcz\u00fcklerin fiyatlar\u0131n\u0131 g\u00f6rmek ve \u00fcr\u00fcnleri incelemek i\u00e7in ma\u011fazam\u0131z\u0131 ziyaret ediniz..<\/p>\n","protected":false},"excerpt":{"rendered":"<p>I\u015f\u0131lt\u0131s\u0131 ile g\u00f6z kama\u015ft\u0131ran tekta\u015f y\u00fcz\u00fcklerimiz, zarafeti ile t\u00fcm bak\u0131\u015flar\u0131 \u00fczerinizde toplayacak.. Bir\u00e7ok farkl\u0131 fiyatlarda tekta\u015f y\u00fcz\u00fck alternatiflerini bulabilir, farkl\u0131 se\u00e7enekleri ile hayalinizdeki y\u00fcz\u00fc\u011fe ula\u015fabilirsiniz. Sade bir tek ta\u015f m\u0131? Ya da akl\u0131n\u0131zdaki kalp fig\u00fcrl\u00fc daha modern bir tekta\u015f modeli mi? T\u00fcm tekta\u015f y\u00fcz\u00fcklerin fiyatlar\u0131n\u0131 g\u00f6rmek ve \u00fcr\u00fcnleri incelemek i\u00e7in ma\u011fazam\u0131z\u0131 ziyaret ediniz..<\/p>\n","protected":false},"featured_media":1046,"comment_status":"closed","ping_status":"closed","template":"","meta":[],"product_brand":[],"product_cat":[48],"product_tag":[67,74,75],"class_list":{"0":"post-672","1":"product","2":"type-product","3":"status-publish","4":"has-post-thumbnail","6":"product_cat-yuzuk","7":"product_tag-altin","8":"product_tag-tektas","9":"product_tag-yuzuk","12":"first","13":"instock","14":"taxable","15":"shipping-taxable","16":"product-type-simple"},"_links":{"self":[{"href":"http:\/\/www.arkar.com.tr\/index.php?rest_route=\/wp\/v2\/product\/672","targetHints":{"allow":["GET"]}}],"collection":[{"href":"http:\/\/www.arkar.com.tr\/index.php?rest_route=\/wp\/v2\/product"}],"about":[{"href":"http:\/\/www.arkar.com.tr\/index.php?rest_route=\/wp\/v2\/types\/product"}],"replies":[{"embeddable":true,"href":"http:\/\/www.arkar.com.tr\/index.php?rest_route=%2Fwp%2Fv2%2Fcomments&post=672"}],"wp:featuredmedia":[{"embeddable":true,"href":"http:\/\/www.arkar.com.tr\/index.php?rest_route=\/wp\/v2\/media\/1046"}],"wp:attachment":[{"href":"http:\/\/www.arkar.com.tr\/index.php?rest_route=%2Fwp%2Fv2%2Fmedia&parent=672"}],"wp:term":[{"taxonomy":"product_brand","embeddable":true,"href":"http:\/\/www.arkar.com.tr\/index.php?rest_route=%2Fwp%2Fv2%2Fproduct_brand&post=672"},{"taxonomy":"product_cat","embeddable":true,"href":"http:\/\/www.arkar.com.tr\/index.php?rest_route=%2Fwp%2Fv2%2Fproduct_cat&post=672"},{"taxonomy":"product_tag","embeddable":true,"href":"http:\/\/www.arkar.com.tr\/index.php?rest_route=%2Fwp%2Fv2%2Fproduct_tag&post=672"}],"curies":[{"name":"wp","href":"https:\/\/api.w.org\/{rel}","templated":true}]}}