{"id":442,"date":"2014-08-28T05:24:05","date_gmt":"2014-08-28T05:24:05","guid":{"rendered":"http:\/\/themes.ingwar.net\/swagger\/?post_type=product&#038;p=442"},"modified":"2016-12-15T07:50:25","modified_gmt":"2016-12-15T07:50:25","slug":"altin-kupe","status":"publish","type":"product","link":"http:\/\/www.arkar.com.tr\/?product=altin-kupe","title":{"rendered":"Alt\u0131n k\u00fcpe"},"content":{"rendered":"<p>Kendisini \u015f\u0131martmak isteyen t\u00fcm kad\u0131nlar\u0131n; ye\u015fil, beyaz ve k\u0131rm\u0131z\u0131 alt\u0131n\u0131n ne\u015feli tasar\u0131mlar\u0131yla e\u015fini, annesini, sevgilisini, k\u0131z\u0131n\u0131 ya da arkada\u015f\u0131n\u0131 \u015f\u0131martmak isteyen erkeklerin ald\u0131klar\u0131 \u00fcr\u00fcnlerdir, daha fazla \u00e7e\u015fit i\u00e7in ma\u011fazam\u0131z\u0131 ziyaret ediniz.<\/p>\n","protected":false},"excerpt":{"rendered":"<p>Kendisini \u015f\u0131martmak isteyen t\u00fcm kad\u0131nlar\u0131n; ye\u015fil, beyaz ve k\u0131rm\u0131z\u0131 alt\u0131n\u0131n ne\u015feli tasar\u0131mlar\u0131yla e\u015fini, annesini, sevgilisini, k\u0131z\u0131n\u0131 ya da arkada\u015f\u0131n\u0131 \u015f\u0131martmak isteyen erkeklerin ald\u0131klar\u0131 \u00fcr\u00fcnlerdir, daha fazla \u00e7e\u015fit i\u00e7in ma\u011fazam\u0131z\u0131 ziyaret ediniz.<\/p>\n","protected":false},"featured_media":1045,"comment_status":"closed","ping_status":"closed","template":"","meta":[],"product_brand":[],"product_cat":[49],"product_tag":[67,76],"class_list":{"0":"post-442","1":"product","2":"type-product","3":"status-publish","4":"has-post-thumbnail","6":"product_cat-kupe","7":"product_tag-altin","8":"product_tag-kupe","11":"first","12":"instock","13":"taxable","14":"shipping-taxable","15":"product-type-simple"},"_links":{"self":[{"href":"http:\/\/www.arkar.com.tr\/index.php?rest_route=\/wp\/v2\/product\/442","targetHints":{"allow":["GET"]}}],"collection":[{"href":"http:\/\/www.arkar.com.tr\/index.php?rest_route=\/wp\/v2\/product"}],"about":[{"href":"http:\/\/www.arkar.com.tr\/index.php?rest_route=\/wp\/v2\/types\/product"}],"replies":[{"embeddable":true,"href":"http:\/\/www.arkar.com.tr\/index.php?rest_route=%2Fwp%2Fv2%2Fcomments&post=442"}],"wp:featuredmedia":[{"embeddable":true,"href":"http:\/\/www.arkar.com.tr\/index.php?rest_route=\/wp\/v2\/media\/1045"}],"wp:attachment":[{"href":"http:\/\/www.arkar.com.tr\/index.php?rest_route=%2Fwp%2Fv2%2Fmedia&parent=442"}],"wp:term":[{"taxonomy":"product_brand","embeddable":true,"href":"http:\/\/www.arkar.com.tr\/index.php?rest_route=%2Fwp%2Fv2%2Fproduct_brand&post=442"},{"taxonomy":"product_cat","embeddable":true,"href":"http:\/\/www.arkar.com.tr\/index.php?rest_route=%2Fwp%2Fv2%2Fproduct_cat&post=442"},{"taxonomy":"product_tag","embeddable":true,"href":"http:\/\/www.arkar.com.tr\/index.php?rest_route=%2Fwp%2Fv2%2Fproduct_tag&post=442"}],"curies":[{"name":"wp","href":"https:\/\/api.w.org\/{rel}","templated":true}]}}