{"id":441,"date":"2014-08-28T05:22:25","date_gmt":"2014-08-28T05:22:25","guid":{"rendered":"http:\/\/themes.ingwar.net\/swagger\/?post_type=product&#038;p=441"},"modified":"2016-12-15T07:25:24","modified_gmt":"2016-12-15T07:25:24","slug":"altin-klasik-alyans","status":"publish","type":"product","link":"http:\/\/www.arkar.com.tr\/?product=altin-klasik-alyans","title":{"rendered":"Alt\u0131n Klasik Alyans"},"content":{"rendered":"<p>Evlili\u011fin en naif sembol\u00fc, <b>Klasik Kesim Geni\u015f Alyans<\/b>&#8230; (14 Ayar\u00a0\u00a04,8 Gr.\u00a0\u00a0Sar\u0131 Alt\u0131n) Her zaman bol \u00e7e\u015fidiyle se\u00e7im yapmada zorlu anlar ya\u015fatan ve g\u00fcnl\u00fck kullan\u0131mlardaki m\u00fccevher \u015f\u0131kl\u0131\u011f\u0131n\u0131 da alyanslara ta\u015f\u0131yan \u00e7ok \u00f6zel tasar\u0131mlar\u0131n yer ald\u0131\u011f\u0131 bir\u00a0\u00fcr\u00fcnler i\u00e7in ma\u011fazam\u0131z\u0131 ziyaret ediniz.<\/p>\n","protected":false},"excerpt":{"rendered":"<p>Evlili\u011fin en naif sembol\u00fc, <b>Klasik Kesim Geni\u015f Alyans<\/b>&#8230; (14 Ayar\u00a0\u00a04,8 Gr.\u00a0\u00a0Sar\u0131 Alt\u0131n) Her zaman bol \u00e7e\u015fidiyle se\u00e7im yapmada zorlu anlar ya\u015fatan ve g\u00fcnl\u00fck kullan\u0131mlardaki m\u00fccevher \u015f\u0131kl\u0131\u011f\u0131n\u0131 da alyanslara ta\u015f\u0131yan \u00e7ok \u00f6zel tasar\u0131mlar\u0131n yer ald\u0131\u011f\u0131 bir\u00a0\u00fcr\u00fcnler i\u00e7in ma\u011fazam\u0131z\u0131 ziyaret ediniz.<\/p>\n","protected":false},"featured_media":1041,"comment_status":"closed","ping_status":"closed","template":"","meta":[],"product_brand":[],"product_cat":[51],"product_tag":[67,69,70],"class_list":{"0":"post-441","1":"product","2":"type-product","3":"status-publish","4":"has-post-thumbnail","6":"product_cat-alyans","7":"product_tag-altin","8":"product_tag-alyans","9":"product_tag-klasik","12":"first","13":"instock","14":"taxable","15":"shipping-taxable","16":"product-type-simple"},"_links":{"self":[{"href":"http:\/\/www.arkar.com.tr\/index.php?rest_route=\/wp\/v2\/product\/441","targetHints":{"allow":["GET"]}}],"collection":[{"href":"http:\/\/www.arkar.com.tr\/index.php?rest_route=\/wp\/v2\/product"}],"about":[{"href":"http:\/\/www.arkar.com.tr\/index.php?rest_route=\/wp\/v2\/types\/product"}],"replies":[{"embeddable":true,"href":"http:\/\/www.arkar.com.tr\/index.php?rest_route=%2Fwp%2Fv2%2Fcomments&post=441"}],"wp:featuredmedia":[{"embeddable":true,"href":"http:\/\/www.arkar.com.tr\/index.php?rest_route=\/wp\/v2\/media\/1041"}],"wp:attachment":[{"href":"http:\/\/www.arkar.com.tr\/index.php?rest_route=%2Fwp%2Fv2%2Fmedia&parent=441"}],"wp:term":[{"taxonomy":"product_brand","embeddable":true,"href":"http:\/\/www.arkar.com.tr\/index.php?rest_route=%2Fwp%2Fv2%2Fproduct_brand&post=441"},{"taxonomy":"product_cat","embeddable":true,"href":"http:\/\/www.arkar.com.tr\/index.php?rest_route=%2Fwp%2Fv2%2Fproduct_cat&post=441"},{"taxonomy":"product_tag","embeddable":true,"href":"http:\/\/www.arkar.com.tr\/index.php?rest_route=%2Fwp%2Fv2%2Fproduct_tag&post=441"}],"curies":[{"name":"wp","href":"https:\/\/api.w.org\/{rel}","templated":true}]}}