{"id":440,"date":"2014-08-28T05:20:02","date_gmt":"2014-08-28T05:20:02","guid":{"rendered":"http:\/\/themes.ingwar.net\/swagger\/?post_type=product&#038;p=440"},"modified":"2016-12-15T07:30:32","modified_gmt":"2016-12-15T07:30:32","slug":"altin-kolye","status":"publish","type":"product","link":"http:\/\/www.arkar.com.tr\/?product=altin-kolye","title":{"rendered":"Alt\u0131n kolye"},"content":{"rendered":"<p>Kendisini \u015f\u0131martmak isteyen t\u00fcm kad\u0131nlar\u0131n; ye\u015fil, beyaz ve k\u0131rm\u0131z\u0131 alt\u0131n\u0131n ne\u015feli tasar\u0131mlar\u0131yla e\u015fini, annesini, sevgilisini, k\u0131z\u0131n\u0131 ya da arkada\u015f\u0131n\u0131 \u015f\u0131martmak isteyen erkeklerin ald\u0131klar\u0131 hediyelerdeki mutluluk hikayelerini anlatan e\u011flenceli\u00a0\u00fcr\u00fcnler i\u00e7in ma\u011fazam\u0131z\u0131 ziyaret ediniz.<\/p>\n","protected":false},"excerpt":{"rendered":"<p>Kendisini \u015f\u0131martmak isteyen t\u00fcm kad\u0131nlar\u0131n; ye\u015fil, beyaz ve k\u0131rm\u0131z\u0131 alt\u0131n\u0131n ne\u015feli tasar\u0131mlar\u0131yla e\u015fini, annesini, sevgilisini, k\u0131z\u0131n\u0131 ya da arkada\u015f\u0131n\u0131 \u015f\u0131martmak isteyen erkeklerin ald\u0131klar\u0131 hediyelerdeki mutluluk hikayelerini anlatan e\u011flenceli\u00a0\u00fcr\u00fcnler i\u00e7in ma\u011fazam\u0131z\u0131 ziyaret ediniz.<\/p>\n","protected":false},"featured_media":1044,"comment_status":"closed","ping_status":"closed","template":"","meta":[],"product_brand":[],"product_cat":[52],"product_tag":[67,71,72],"class_list":{"0":"post-440","1":"product","2":"type-product","3":"status-publish","4":"has-post-thumbnail","6":"product_cat-kolye","7":"product_tag-altin","8":"product_tag-kolye","9":"product_tag-kolye-ucu","12":"first","13":"instock","14":"taxable","15":"shipping-taxable","16":"product-type-simple"},"_links":{"self":[{"href":"http:\/\/www.arkar.com.tr\/index.php?rest_route=\/wp\/v2\/product\/440","targetHints":{"allow":["GET"]}}],"collection":[{"href":"http:\/\/www.arkar.com.tr\/index.php?rest_route=\/wp\/v2\/product"}],"about":[{"href":"http:\/\/www.arkar.com.tr\/index.php?rest_route=\/wp\/v2\/types\/product"}],"replies":[{"embeddable":true,"href":"http:\/\/www.arkar.com.tr\/index.php?rest_route=%2Fwp%2Fv2%2Fcomments&post=440"}],"wp:featuredmedia":[{"embeddable":true,"href":"http:\/\/www.arkar.com.tr\/index.php?rest_route=\/wp\/v2\/media\/1044"}],"wp:attachment":[{"href":"http:\/\/www.arkar.com.tr\/index.php?rest_route=%2Fwp%2Fv2%2Fmedia&parent=440"}],"wp:term":[{"taxonomy":"product_brand","embeddable":true,"href":"http:\/\/www.arkar.com.tr\/index.php?rest_route=%2Fwp%2Fv2%2Fproduct_brand&post=440"},{"taxonomy":"product_cat","embeddable":true,"href":"http:\/\/www.arkar.com.tr\/index.php?rest_route=%2Fwp%2Fv2%2Fproduct_cat&post=440"},{"taxonomy":"product_tag","embeddable":true,"href":"http:\/\/www.arkar.com.tr\/index.php?rest_route=%2Fwp%2Fv2%2Fproduct_tag&post=440"}],"curies":[{"name":"wp","href":"https:\/\/api.w.org\/{rel}","templated":true}]}}