{"id":408,"date":"2014-08-28T05:14:34","date_gmt":"2014-08-28T05:14:34","guid":{"rendered":"http:\/\/themes.ingwar.net\/swagger\/?post_type=product&#038;p=408"},"modified":"2016-12-15T07:38:07","modified_gmt":"2016-12-15T07:38:07","slug":"altin-bileklik","status":"publish","type":"product","link":"http:\/\/www.arkar.com.tr\/?product=altin-bileklik","title":{"rendered":"Alt\u0131n bileklik"},"content":{"rendered":"<p>Yenilik\u00e7i ve klasik yorumlar\u0131n ve usta i\u015f\u00e7ili\u011fin kalite ile bulu\u015ftu\u011fu harika tasar\u0131ml\u0131 bilekliklerimize bakmak i\u00e7in ma\u011fazam\u0131z\u0131 ziyaret ediniz&#8230;<\/p>\n","protected":false},"excerpt":{"rendered":"<p>Yenilik\u00e7i ve klasik yorumlar\u0131n ve usta i\u015f\u00e7ili\u011fin kalite ile bulu\u015ftu\u011fu harika tasar\u0131ml\u0131 bilekliklerimize bakmak i\u00e7in ma\u011fazam\u0131z\u0131 ziyaret ediniz&#8230;<\/p>\n","protected":false},"featured_media":1042,"comment_status":"closed","ping_status":"closed","template":"","meta":[],"product_brand":[],"product_cat":[50],"product_tag":[67,73],"class_list":{"0":"post-408","1":"product","2":"type-product","3":"status-publish","4":"has-post-thumbnail","6":"product_cat-bileklik","7":"product_tag-altin","8":"product_tag-bileklik","11":"first","12":"instock","13":"taxable","14":"shipping-taxable","15":"product-type-simple"},"_links":{"self":[{"href":"http:\/\/www.arkar.com.tr\/index.php?rest_route=\/wp\/v2\/product\/408","targetHints":{"allow":["GET"]}}],"collection":[{"href":"http:\/\/www.arkar.com.tr\/index.php?rest_route=\/wp\/v2\/product"}],"about":[{"href":"http:\/\/www.arkar.com.tr\/index.php?rest_route=\/wp\/v2\/types\/product"}],"replies":[{"embeddable":true,"href":"http:\/\/www.arkar.com.tr\/index.php?rest_route=%2Fwp%2Fv2%2Fcomments&post=408"}],"wp:featuredmedia":[{"embeddable":true,"href":"http:\/\/www.arkar.com.tr\/index.php?rest_route=\/wp\/v2\/media\/1042"}],"wp:attachment":[{"href":"http:\/\/www.arkar.com.tr\/index.php?rest_route=%2Fwp%2Fv2%2Fmedia&parent=408"}],"wp:term":[{"taxonomy":"product_brand","embeddable":true,"href":"http:\/\/www.arkar.com.tr\/index.php?rest_route=%2Fwp%2Fv2%2Fproduct_brand&post=408"},{"taxonomy":"product_cat","embeddable":true,"href":"http:\/\/www.arkar.com.tr\/index.php?rest_route=%2Fwp%2Fv2%2Fproduct_cat&post=408"},{"taxonomy":"product_tag","embeddable":true,"href":"http:\/\/www.arkar.com.tr\/index.php?rest_route=%2Fwp%2Fv2%2Fproduct_tag&post=408"}],"curies":[{"name":"wp","href":"https:\/\/api.w.org\/{rel}","templated":true}]}}