{"id":70,"date":"2014-06-20T08:10:30","date_gmt":"2014-06-20T08:10:30","guid":{"rendered":"http:\/\/localhost:8888\/swagger\/?page_id=70"},"modified":"2022-12-01T18:21:07","modified_gmt":"2022-12-01T18:21:07","slug":"hakkimizda","status":"publish","type":"page","link":"http:\/\/www.arkar.com.tr\/?page_id=70","title":{"rendered":"Hakk\u0131m\u0131zda"},"content":{"rendered":"<div class=\"wpb-content-wrapper\">[vc_row][vc_column width=&#8221;1\/2&#8243;]<h3>Arkar Kuyumculuk<br \/>\n18 Mart 1987 y\u0131l\u0131nda Arif KAYA KARAKAYA ve \u00e7ocuklar\u0131 Mehmet ile Mazlum Karakaya taraf\u0131ndan kurulmu\u015f, uzun y\u0131llar m\u00fccevher ve alt\u0131n sat\u0131\u015f\u0131 ile u\u011fra\u015f\u0131 sonras\u0131nda 1995 y\u0131l\u0131nda sarrafiye hizmeti tedari\u011finde ve al\u0131\u015f\u0131nda m\u00fc\u015fterilerine hizmet vermektedir.<\/h3>\n<blockquote  class=\"swagger-blockquote\" ><\/blockquote>[\/vc_column][vc_column width=&#8221;1\/2&#8243;]<img decoding=\"async\"  class=\"swagger-img\"  src=\"http:\/\/www.arkar.com.tr\/wp-content\/uploads\/2014\/06\/magaza.jpg\" >[\/vc_column][\/vc_row]\n<\/div>","protected":false},"excerpt":{"rendered":"<p>[vc_row][vc_column width=&#8221;1\/2&#8243;][\/vc_column][vc_column width=&#8221;1\/2&#8243;][\/vc_column][\/vc_row]<\/p>\n","protected":false},"author":1,"featured_media":0,"parent":0,"menu_order":0,"comment_status":"open","ping_status":"open","template":"template-fullwidth.php","meta":{"footnotes":""},"class_list":["post-70","page","type-page","status-publish","hentry","no-post-thumbnail"],"_links":{"self":[{"href":"http:\/\/www.arkar.com.tr\/index.php?rest_route=\/wp\/v2\/pages\/70","targetHints":{"allow":["GET"]}}],"collection":[{"href":"http:\/\/www.arkar.com.tr\/index.php?rest_route=\/wp\/v2\/pages"}],"about":[{"href":"http:\/\/www.arkar.com.tr\/index.php?rest_route=\/wp\/v2\/types\/page"}],"author":[{"embeddable":true,"href":"http:\/\/www.arkar.com.tr\/index.php?rest_route=\/wp\/v2\/users\/1"}],"replies":[{"embeddable":true,"href":"http:\/\/www.arkar.com.tr\/index.php?rest_route=%2Fwp%2Fv2%2Fcomments&post=70"}],"version-history":[{"count":5,"href":"http:\/\/www.arkar.com.tr\/index.php?rest_route=\/wp\/v2\/pages\/70\/revisions"}],"predecessor-version":[{"id":1146,"href":"http:\/\/www.arkar.com.tr\/index.php?rest_route=\/wp\/v2\/pages\/70\/revisions\/1146"}],"wp:attachment":[{"href":"http:\/\/www.arkar.com.tr\/index.php?rest_route=%2Fwp%2Fv2%2Fmedia&parent=70"}],"curies":[{"name":"wp","href":"https:\/\/api.w.org\/{rel}","templated":true}]}}