{"id":693,"date":"2014-08-31T07:22:26","date_gmt":"2014-08-31T07:22:26","guid":{"rendered":"http:\/\/themes.ingwar.net\/swagger\/?page_id=693"},"modified":"2017-07-01T06:37:53","modified_gmt":"2017-07-01T06:37:53","slug":"iletisim","status":"publish","type":"page","link":"http:\/\/www.arkar.com.tr\/?page_id=693","title":{"rendered":"\u0130leti\u015fim"},"content":{"rendered":"<div class=\"wpb-content-wrapper\">[vc_row][vc_column width=&#8221;1\/1&#8243;]<p><iframe loading=\"lazy\" src=\"https:\/\/www.google.com\/maps\/d\/embed?mid=1d8HEyKNQeB1mP6ajF6ZjSeOgLIw\" width=\"1920\" height=\"600\"><\/iframe><\/p>\n[\/vc_column][\/vc_row][vc_row inner_container=&#8221;true&#8221; padding_bottom=&#8221;20px&#8221;][vc_column width=&#8221;1\/3&#8243;][vc_empty_space height=&#8221;50px&#8221;]<h1 style=\"text-align: center; font-size: 30px; margin: 0.35em 0;\">MERKEZ<\/h1>\n<p>&nbsp;<\/p>\n<div class=\"tags_shortcode cf center\"><span class=\"tags_value\">Adres<span class=\"preset-color\">\/\/<\/span><\/span><span  class=\"tags_param\">\u00c7ar\u015f\u0131, \u00c7ar\u015f\u0131 Mh. 1000 Sok. No:5 48400 Bodrum\/Mu\u011fla<\/span><\/div><br \/>\n<div class=\"tags_shortcode cf center\"><span class=\"tags_value\">Telefon<span class=\"preset-color\">\/\/<\/span><\/span><span  class=\"tags_param\"> +90(252)316 79 79<\/span><\/div><br \/>\n<div class=\"tags_shortcode cf center\"><span class=\"tags_value\">Faks<span class=\"preset-color\">\/\/<\/span><\/span><span  class=\"tags_param\"> +90(252)313 43 72<\/span><\/div><br \/>\n<div class=\"tags_shortcode cf center\"><span class=\"tags_value\">Email<span class=\"preset-color\">\/\/<\/span><\/span><span  class=\"tags_param\">info@arkar.com.tr<\/span><\/div><br \/>\n<div class=\"tags_shortcode cf center\"><span class=\"tags_value\">Face<span class=\"preset-color\">\/\/<\/span><\/span><span  class=\"tags_param\"> fb.com\/arkarJW<\/span><\/div>\n[\/vc_column][vc_column width=&#8221;1\/3&#8243;]<h1 style=\"text-align: center; font-size: 52px;\">B\u0130ZE YAZIN<\/h1>\n<div class=\"wpcf7 no-js\" id=\"wpcf7-f709-o1\" lang=\"en-US\" dir=\"ltr\" data-wpcf7-id=\"709\">\n<div class=\"screen-reader-response\"><p role=\"status\" aria-live=\"polite\" aria-atomic=\"true\"><\/p> <ul><\/ul><\/div>\n<form action=\"\/index.php?rest_route=%2Fwp%2Fv2%2Fpages%2F693#wpcf7-f709-o1\" method=\"post\" class=\"wpcf7-form init custom\" aria-label=\"Contact form\" novalidate=\"novalidate\" data-status=\"init\">\n<fieldset class=\"hidden-fields-container\"><input type=\"hidden\" name=\"_wpcf7\" value=\"709\" \/><input type=\"hidden\" name=\"_wpcf7_version\" value=\"6.1.5\" \/><input type=\"hidden\" name=\"_wpcf7_locale\" value=\"en_US\" \/><input type=\"hidden\" name=\"_wpcf7_unit_tag\" value=\"wpcf7-f709-o1\" \/><input type=\"hidden\" name=\"_wpcf7_container_post\" value=\"0\" \/><input type=\"hidden\" name=\"_wpcf7_posted_data_hash\" value=\"\" \/>\n<\/fieldset>\n<p><span class=\"wpcf7-form-control-wrap\" data-name=\"your-name\"><input size=\"40\" maxlength=\"400\" class=\"wpcf7-form-control wpcf7-text wpcf7-validates-as-required\" aria-required=\"true\" aria-invalid=\"false\" placeholder=\"Ad\u0131n\u0131z\" value=\"\" type=\"text\" name=\"your-name\" \/><\/span><br \/>\n<span class=\"wpcf7-form-control-wrap\" data-name=\"your-email\"><input size=\"40\" maxlength=\"400\" class=\"wpcf7-form-control wpcf7-email wpcf7-validates-as-required wpcf7-text wpcf7-validates-as-email\" aria-required=\"true\" aria-invalid=\"false\" placeholder=\"Email adresiniz\" value=\"\" type=\"email\" name=\"your-email\" \/><\/span><br \/>\n<span class=\"wpcf7-form-control-wrap\" data-name=\"your-message\"><textarea cols=\"40\" rows=\"10\" maxlength=\"2000\" class=\"wpcf7-form-control wpcf7-textarea\" aria-invalid=\"false\" placeholder=\"Mesaj\u0131n\u0131z\" name=\"your-message\"><\/textarea><\/span><br \/>\n<input class=\"wpcf7-form-control wpcf7-submit has-spinner center\" type=\"submit\" value=\"G\u00f6nder\" \/>\n<\/p><p style=\"display: none !important;\" class=\"akismet-fields-container\" data-prefix=\"_wpcf7_ak_\"><label>&#916;<textarea name=\"_wpcf7_ak_hp_textarea\" cols=\"45\" rows=\"8\" maxlength=\"100\"><\/textarea><\/label><input type=\"hidden\" id=\"ak_js_1\" name=\"_wpcf7_ak_js\" value=\"72\"\/><script type=\"text\/javascript\">\n\/* <![CDATA[ *\/\ndocument.getElementById( \"ak_js_1\" ).setAttribute( \"value\", ( new Date() ).getTime() );\n\/* ]]> *\/\n<\/script>\n<\/p><div class=\"wpcf7-response-output\" aria-hidden=\"true\"><\/div>\n<\/form>\n<\/div>\n[\/vc_column][vc_column width=&#8221;1\/3&#8243;][vc_empty_space height=&#8221;50px&#8221;][\/vc_column][\/vc_row]\n<\/div>","protected":false},"excerpt":{"rendered":"<p>[vc_row][vc_column width=&#8221;1\/1&#8243;][\/vc_column][\/vc_row][vc_row inner_container=&#8221;true&#8221; padding_bottom=&#8221;20px&#8221;][vc_column width=&#8221;1\/3&#8243;][vc_empty_space height=&#8221;50px&#8221;][\/vc_column][vc_column width=&#8221;1\/3&#8243;][\/vc_column][vc_column width=&#8221;1\/3&#8243;][vc_empty_space height=&#8221;50px&#8221;][\/vc_column][\/vc_row]<\/p>\n","protected":false},"author":1,"featured_media":0,"parent":0,"menu_order":0,"comment_status":"closed","ping_status":"closed","template":"template-100%-fullwidth.php","meta":{"footnotes":""},"class_list":["post-693","page","type-page","status-publish","hentry","no-post-thumbnail"],"_links":{"self":[{"href":"http:\/\/www.arkar.com.tr\/index.php?rest_route=\/wp\/v2\/pages\/693","targetHints":{"allow":["GET"]}}],"collection":[{"href":"http:\/\/www.arkar.com.tr\/index.php?rest_route=\/wp\/v2\/pages"}],"about":[{"href":"http:\/\/www.arkar.com.tr\/index.php?rest_route=\/wp\/v2\/types\/page"}],"author":[{"embeddable":true,"href":"http:\/\/www.arkar.com.tr\/index.php?rest_route=\/wp\/v2\/users\/1"}],"replies":[{"embeddable":true,"href":"http:\/\/www.arkar.com.tr\/index.php?rest_route=%2Fwp%2Fv2%2Fcomments&post=693"}],"version-history":[{"count":21,"href":"http:\/\/www.arkar.com.tr\/index.php?rest_route=\/wp\/v2\/pages\/693\/revisions"}],"predecessor-version":[{"id":994,"href":"http:\/\/www.arkar.com.tr\/index.php?rest_route=\/wp\/v2\/pages\/693\/revisions\/994"}],"wp:attachment":[{"href":"http:\/\/www.arkar.com.tr\/index.php?rest_route=%2Fwp%2Fv2%2Fmedia&parent=693"}],"curies":[{"name":"wp","href":"https:\/\/api.w.org\/{rel}","templated":true}]}}