{"id":393,"date":"2014-08-16T05:53:43","date_gmt":"2014-08-16T05:53:43","guid":{"rendered":"http:\/\/localhost:8888\/swagger\/?page_id=393"},"modified":"2016-12-13T08:47:31","modified_gmt":"2016-12-13T08:47:31","slug":"urunlerimiz","status":"publish","type":"page","link":"http:\/\/www.arkar.com.tr\/?page_id=393","title":{"rendered":"\u00dcr\u00fcnlerimiz"},"content":{"rendered":"<div class=\"wpb-content-wrapper\">[vc_row full_width=&#8221;stretch_row_content&#8221;][vc_column]<div class=\"woocommerce columns-4 \">\n\n<script>\n\njQuery(document).ready(function($){\n\n  var $container = $('#swagger-iso-container');\n\n  $container.before('<span id=\"swagger-isotope-loading\"><span>');\n\n  $(window).load(function(){\n    $container.isotope({\n      layoutMode     : 'masonry',\n      itemSelector   : '.products > .product',\n      layoutMode: 'masonry',\n      resizable      : true,\n      containerStyle : {\n        overflow : 'visible',\n        position : 'relative'\n      },\n      masonry : {\n        columnWidth : $container.width() \/       }\n    });\n    $('#swagger-isotope-loading').stop(true,true).fadeOut(300).remove();\n    $('#swagger-iso-container .product').each(function(i){\n      $(this).delay(i*150).animate({'opacity':1},100);\n    });\n\n  });\n\n  $(window).resize(function(){\n    $container.isotope({\n      masonry : {\n        columnWidth: $container.width() \/       }\n    });\n  });\n\n  $(window).scroll(function(){\n    $container.isotope({\n      masonry : {\n        columnWidth: $container.width() \/       }\n    });\n  });\n\n\n});\n\n<\/script>\n\n<ul id=\"swagger-iso-container\" class=\"products \"><li class=\"has-post-thumbnail product type-product post-672 status-publish first instock product_cat-yuzuk product_tag-altin product_tag-tektas product_tag-yuzuk taxable shipping-taxable product-type-simple\">\n\t<a href=\"http:\/\/www.arkar.com.tr\/?product=altin-tek-tas-yuzuk\" class=\"woocommerce-LoopProduct-link woocommerce-loop-product__link\"><img loading=\"lazy\" decoding=\"async\" width=\"300\" height=\"300\" src=\"http:\/\/www.arkar.com.tr\/wp-content\/uploads\/2016\/12\/y\u00fcz\u00fck.jpg\" class=\"attachment-woocommerce_thumbnail size-woocommerce_thumbnail\" alt=\"Alt\u0131n Tek Ta\u015f Y\u00fcz\u00fck\" srcset=\"http:\/\/www.arkar.com.tr\/wp-content\/uploads\/2016\/12\/y\u00fcz\u00fck.jpg 500w, http:\/\/www.arkar.com.tr\/wp-content\/uploads\/2016\/12\/y\u00fcz\u00fck-150x150.jpg 150w, http:\/\/www.arkar.com.tr\/wp-content\/uploads\/2016\/12\/y\u00fcz\u00fck-300x300.jpg 300w, http:\/\/www.arkar.com.tr\/wp-content\/uploads\/2016\/12\/y\u00fcz\u00fck-180x180.jpg 180w, http:\/\/www.arkar.com.tr\/wp-content\/uploads\/2016\/12\/y\u00fcz\u00fck-100x100.jpg 100w\" sizes=\"auto, (max-width: 300px) 100vw, 300px\" \/><h2 class=\"woocommerce-loop-product__title\">Alt\u0131n Tek Ta\u015f Y\u00fcz\u00fck<\/h2>\n<\/a><a href=\"http:\/\/www.arkar.com.tr\/?product=altin-tek-tas-yuzuk\" aria-describedby=\"woocommerce_loop_add_to_cart_link_describedby_672\" data-quantity=\"1\" class=\"button product_type_simple\" data-product_id=\"672\" data-product_sku=\"\" aria-label=\"&ldquo;Alt\u0131n Tek Ta\u015f Y\u00fcz\u00fck&rdquo; hakk\u0131nda daha fazla bilgi edinin\" rel=\"nofollow\" data-success_message=\"\">Devam\u0131n\u0131 oku<\/a>\t<span id=\"woocommerce_loop_add_to_cart_link_describedby_672\" class=\"screen-reader-text\">\n\t\t\t<\/span>\n<\/li>\n<li class=\"has-post-thumbnail product type-product post-443 status-publish instock product_cat-gerdanlik product_tag-altin product_tag-gerdanlik taxable shipping-taxable product-type-simple\">\n\t<a href=\"http:\/\/www.arkar.com.tr\/?product=x-temali-altin-gerdanlik\" class=\"woocommerce-LoopProduct-link woocommerce-loop-product__link\"><img loading=\"lazy\" decoding=\"async\" width=\"300\" height=\"300\" src=\"http:\/\/www.arkar.com.tr\/wp-content\/uploads\/2014\/08\/alt\u0131n-gerdanl\u0131k.jpg\" class=\"attachment-woocommerce_thumbnail size-woocommerce_thumbnail\" alt=\"X temal\u0131 alt\u0131n gerdanl\u0131k\" srcset=\"http:\/\/www.arkar.com.tr\/wp-content\/uploads\/2014\/08\/alt\u0131n-gerdanl\u0131k.jpg 500w, http:\/\/www.arkar.com.tr\/wp-content\/uploads\/2014\/08\/alt\u0131n-gerdanl\u0131k-150x150.jpg 150w, http:\/\/www.arkar.com.tr\/wp-content\/uploads\/2014\/08\/alt\u0131n-gerdanl\u0131k-300x300.jpg 300w, http:\/\/www.arkar.com.tr\/wp-content\/uploads\/2014\/08\/alt\u0131n-gerdanl\u0131k-180x180.jpg 180w, http:\/\/www.arkar.com.tr\/wp-content\/uploads\/2014\/08\/alt\u0131n-gerdanl\u0131k-100x100.jpg 100w\" sizes=\"auto, (max-width: 300px) 100vw, 300px\" \/><h2 class=\"woocommerce-loop-product__title\">X temal\u0131 alt\u0131n gerdanl\u0131k<\/h2>\n<\/a><a href=\"http:\/\/www.arkar.com.tr\/?product=x-temali-altin-gerdanlik\" aria-describedby=\"woocommerce_loop_add_to_cart_link_describedby_443\" data-quantity=\"1\" class=\"button product_type_simple\" data-product_id=\"443\" data-product_sku=\"\" aria-label=\"&ldquo;X temal\u0131 alt\u0131n gerdanl\u0131k&rdquo; hakk\u0131nda daha fazla bilgi edinin\" rel=\"nofollow\" data-success_message=\"\">Devam\u0131n\u0131 oku<\/a>\t<span id=\"woocommerce_loop_add_to_cart_link_describedby_443\" class=\"screen-reader-text\">\n\t\t\t<\/span>\n<\/li>\n<li class=\"has-post-thumbnail product type-product post-442 status-publish instock product_cat-kupe product_tag-altin product_tag-kupe taxable shipping-taxable product-type-simple\">\n\t<a href=\"http:\/\/www.arkar.com.tr\/?product=altin-kupe\" class=\"woocommerce-LoopProduct-link woocommerce-loop-product__link\"><img loading=\"lazy\" decoding=\"async\" width=\"300\" height=\"300\" src=\"http:\/\/www.arkar.com.tr\/wp-content\/uploads\/2016\/12\/k\u00fcpeler.jpg\" class=\"attachment-woocommerce_thumbnail size-woocommerce_thumbnail\" alt=\"Alt\u0131n k\u00fcpe\" srcset=\"http:\/\/www.arkar.com.tr\/wp-content\/uploads\/2016\/12\/k\u00fcpeler.jpg 500w, http:\/\/www.arkar.com.tr\/wp-content\/uploads\/2016\/12\/k\u00fcpeler-150x150.jpg 150w, http:\/\/www.arkar.com.tr\/wp-content\/uploads\/2016\/12\/k\u00fcpeler-300x300.jpg 300w, http:\/\/www.arkar.com.tr\/wp-content\/uploads\/2016\/12\/k\u00fcpeler-180x180.jpg 180w, http:\/\/www.arkar.com.tr\/wp-content\/uploads\/2016\/12\/k\u00fcpeler-100x100.jpg 100w\" sizes=\"auto, (max-width: 300px) 100vw, 300px\" \/><h2 class=\"woocommerce-loop-product__title\">Alt\u0131n k\u00fcpe<\/h2>\n<\/a><a href=\"http:\/\/www.arkar.com.tr\/?product=altin-kupe\" aria-describedby=\"woocommerce_loop_add_to_cart_link_describedby_442\" data-quantity=\"1\" class=\"button product_type_simple\" data-product_id=\"442\" data-product_sku=\"\" aria-label=\"&ldquo;Alt\u0131n k\u00fcpe&rdquo; hakk\u0131nda daha fazla bilgi edinin\" rel=\"nofollow\" data-success_message=\"\">Devam\u0131n\u0131 oku<\/a>\t<span id=\"woocommerce_loop_add_to_cart_link_describedby_442\" class=\"screen-reader-text\">\n\t\t\t<\/span>\n<\/li>\n<li class=\"has-post-thumbnail product type-product post-441 status-publish last instock product_cat-alyans product_tag-altin product_tag-alyans product_tag-klasik taxable shipping-taxable product-type-simple\">\n\t<a href=\"http:\/\/www.arkar.com.tr\/?product=altin-klasik-alyans\" class=\"woocommerce-LoopProduct-link woocommerce-loop-product__link\"><img loading=\"lazy\" decoding=\"async\" width=\"300\" height=\"300\" src=\"http:\/\/www.arkar.com.tr\/wp-content\/uploads\/2016\/12\/alyans.jpg\" class=\"attachment-woocommerce_thumbnail size-woocommerce_thumbnail\" alt=\"Alt\u0131n Klasik Alyans\" srcset=\"http:\/\/www.arkar.com.tr\/wp-content\/uploads\/2016\/12\/alyans.jpg 500w, http:\/\/www.arkar.com.tr\/wp-content\/uploads\/2016\/12\/alyans-150x150.jpg 150w, http:\/\/www.arkar.com.tr\/wp-content\/uploads\/2016\/12\/alyans-300x300.jpg 300w, http:\/\/www.arkar.com.tr\/wp-content\/uploads\/2016\/12\/alyans-180x180.jpg 180w, http:\/\/www.arkar.com.tr\/wp-content\/uploads\/2016\/12\/alyans-100x100.jpg 100w\" sizes=\"auto, (max-width: 300px) 100vw, 300px\" \/><h2 class=\"woocommerce-loop-product__title\">Alt\u0131n Klasik Alyans<\/h2>\n<\/a><a href=\"http:\/\/www.arkar.com.tr\/?product=altin-klasik-alyans\" aria-describedby=\"woocommerce_loop_add_to_cart_link_describedby_441\" data-quantity=\"1\" class=\"button product_type_simple\" data-product_id=\"441\" data-product_sku=\"\" aria-label=\"&ldquo;Alt\u0131n Klasik Alyans&rdquo; hakk\u0131nda daha fazla bilgi edinin\" rel=\"nofollow\" data-success_message=\"\">Devam\u0131n\u0131 oku<\/a>\t<span id=\"woocommerce_loop_add_to_cart_link_describedby_441\" class=\"screen-reader-text\">\n\t\t\t<\/span>\n<\/li>\n<li class=\"has-post-thumbnail product type-product post-440 status-publish first instock product_cat-kolye product_tag-altin product_tag-kolye product_tag-kolye-ucu taxable shipping-taxable product-type-simple\">\n\t<a href=\"http:\/\/www.arkar.com.tr\/?product=altin-kolye\" class=\"woocommerce-LoopProduct-link woocommerce-loop-product__link\"><img loading=\"lazy\" decoding=\"async\" width=\"300\" height=\"300\" src=\"http:\/\/www.arkar.com.tr\/wp-content\/uploads\/2016\/12\/kolye.jpg\" class=\"attachment-woocommerce_thumbnail size-woocommerce_thumbnail\" alt=\"Alt\u0131n kolye\" srcset=\"http:\/\/www.arkar.com.tr\/wp-content\/uploads\/2016\/12\/kolye.jpg 500w, http:\/\/www.arkar.com.tr\/wp-content\/uploads\/2016\/12\/kolye-150x150.jpg 150w, http:\/\/www.arkar.com.tr\/wp-content\/uploads\/2016\/12\/kolye-300x300.jpg 300w, http:\/\/www.arkar.com.tr\/wp-content\/uploads\/2016\/12\/kolye-180x180.jpg 180w, http:\/\/www.arkar.com.tr\/wp-content\/uploads\/2016\/12\/kolye-100x100.jpg 100w\" sizes=\"auto, (max-width: 300px) 100vw, 300px\" \/><h2 class=\"woocommerce-loop-product__title\">Alt\u0131n kolye<\/h2>\n<\/a><a href=\"http:\/\/www.arkar.com.tr\/?product=altin-kolye\" aria-describedby=\"woocommerce_loop_add_to_cart_link_describedby_440\" data-quantity=\"1\" class=\"button product_type_simple\" data-product_id=\"440\" data-product_sku=\"\" aria-label=\"&ldquo;Alt\u0131n kolye&rdquo; hakk\u0131nda daha fazla bilgi edinin\" rel=\"nofollow\" data-success_message=\"\">Devam\u0131n\u0131 oku<\/a>\t<span id=\"woocommerce_loop_add_to_cart_link_describedby_440\" class=\"screen-reader-text\">\n\t\t\t<\/span>\n<\/li>\n<li class=\"has-post-thumbnail product type-product post-408 status-publish instock product_cat-bileklik product_tag-altin product_tag-bileklik taxable shipping-taxable product-type-simple\">\n\t<a href=\"http:\/\/www.arkar.com.tr\/?product=altin-bileklik\" class=\"woocommerce-LoopProduct-link woocommerce-loop-product__link\"><img loading=\"lazy\" decoding=\"async\" width=\"300\" height=\"300\" src=\"http:\/\/www.arkar.com.tr\/wp-content\/uploads\/2016\/12\/bileklik.jpg\" class=\"attachment-woocommerce_thumbnail size-woocommerce_thumbnail\" alt=\"Alt\u0131n bileklik\" srcset=\"http:\/\/www.arkar.com.tr\/wp-content\/uploads\/2016\/12\/bileklik.jpg 500w, http:\/\/www.arkar.com.tr\/wp-content\/uploads\/2016\/12\/bileklik-150x150.jpg 150w, http:\/\/www.arkar.com.tr\/wp-content\/uploads\/2016\/12\/bileklik-300x300.jpg 300w, http:\/\/www.arkar.com.tr\/wp-content\/uploads\/2016\/12\/bileklik-180x180.jpg 180w, http:\/\/www.arkar.com.tr\/wp-content\/uploads\/2016\/12\/bileklik-100x100.jpg 100w\" sizes=\"auto, (max-width: 300px) 100vw, 300px\" \/><h2 class=\"woocommerce-loop-product__title\">Alt\u0131n bileklik<\/h2>\n<\/a><a href=\"http:\/\/www.arkar.com.tr\/?product=altin-bileklik\" aria-describedby=\"woocommerce_loop_add_to_cart_link_describedby_408\" data-quantity=\"1\" class=\"button product_type_simple\" data-product_id=\"408\" data-product_sku=\"\" aria-label=\"&ldquo;Alt\u0131n bileklik&rdquo; hakk\u0131nda daha fazla bilgi edinin\" rel=\"nofollow\" data-success_message=\"\">Devam\u0131n\u0131 oku<\/a>\t<span id=\"woocommerce_loop_add_to_cart_link_describedby_408\" class=\"screen-reader-text\">\n\t\t\t<\/span>\n<\/li>\n<li class=\"has-post-thumbnail product type-product post-851 status-publish instock product_cat-zincir product_tag-altin product_tag-zincir taxable shipping-taxable product-type-simple\">\n\t<a href=\"http:\/\/www.arkar.com.tr\/?product=altin-zincir\" class=\"woocommerce-LoopProduct-link woocommerce-loop-product__link\"><img loading=\"lazy\" decoding=\"async\" width=\"300\" height=\"300\" src=\"http:\/\/www.arkar.com.tr\/wp-content\/uploads\/2016\/12\/zincir.jpg\" class=\"attachment-woocommerce_thumbnail size-woocommerce_thumbnail\" alt=\"Alt\u0131n zincir\" srcset=\"http:\/\/www.arkar.com.tr\/wp-content\/uploads\/2016\/12\/zincir.jpg 500w, http:\/\/www.arkar.com.tr\/wp-content\/uploads\/2016\/12\/zincir-150x150.jpg 150w, http:\/\/www.arkar.com.tr\/wp-content\/uploads\/2016\/12\/zincir-300x300.jpg 300w, http:\/\/www.arkar.com.tr\/wp-content\/uploads\/2016\/12\/zincir-180x180.jpg 180w, http:\/\/www.arkar.com.tr\/wp-content\/uploads\/2016\/12\/zincir-100x100.jpg 100w\" sizes=\"auto, (max-width: 300px) 100vw, 300px\" \/><h2 class=\"woocommerce-loop-product__title\">Alt\u0131n zincir<\/h2>\n<\/a><a href=\"http:\/\/www.arkar.com.tr\/?product=altin-zincir\" aria-describedby=\"woocommerce_loop_add_to_cart_link_describedby_851\" data-quantity=\"1\" class=\"button product_type_simple\" data-product_id=\"851\" data-product_sku=\"\" aria-label=\"&ldquo;Alt\u0131n zincir&rdquo; hakk\u0131nda daha fazla bilgi edinin\" rel=\"nofollow\" data-success_message=\"\">Devam\u0131n\u0131 oku<\/a>\t<span id=\"woocommerce_loop_add_to_cart_link_describedby_851\" class=\"screen-reader-text\">\n\t\t\t<\/span>\n<\/li>\n<li class=\"has-post-thumbnail product type-product post-690 status-publish last instock product_cat-ziynet product_tag-altin product_tag-ata product_tag-cumhuriyet product_tag-ziynet taxable shipping-taxable product-type-simple\">\n\t<a href=\"http:\/\/www.arkar.com.tr\/?product=ziynet\" class=\"woocommerce-LoopProduct-link woocommerce-loop-product__link\"><img loading=\"lazy\" decoding=\"async\" width=\"300\" height=\"300\" src=\"http:\/\/www.arkar.com.tr\/wp-content\/uploads\/2016\/12\/ziynet.jpg\" class=\"attachment-woocommerce_thumbnail size-woocommerce_thumbnail\" alt=\"Ziynet\" srcset=\"http:\/\/www.arkar.com.tr\/wp-content\/uploads\/2016\/12\/ziynet.jpg 500w, http:\/\/www.arkar.com.tr\/wp-content\/uploads\/2016\/12\/ziynet-150x150.jpg 150w, http:\/\/www.arkar.com.tr\/wp-content\/uploads\/2016\/12\/ziynet-300x300.jpg 300w, http:\/\/www.arkar.com.tr\/wp-content\/uploads\/2016\/12\/ziynet-180x180.jpg 180w, http:\/\/www.arkar.com.tr\/wp-content\/uploads\/2016\/12\/ziynet-100x100.jpg 100w\" sizes=\"auto, (max-width: 300px) 100vw, 300px\" \/><h2 class=\"woocommerce-loop-product__title\">Ziynet<\/h2>\n<\/a><a href=\"http:\/\/www.arkar.com.tr\/?product=ziynet\" aria-describedby=\"woocommerce_loop_add_to_cart_link_describedby_690\" data-quantity=\"1\" class=\"button product_type_simple\" data-product_id=\"690\" data-product_sku=\"\" aria-label=\"&ldquo;Ziynet&rdquo; hakk\u0131nda daha fazla bilgi edinin\" rel=\"nofollow\" data-success_message=\"\">Devam\u0131n\u0131 oku<\/a>\t<span id=\"woocommerce_loop_add_to_cart_link_describedby_690\" class=\"screen-reader-text\">\n\t\t\t<\/span>\n<\/li>\n<\/ul>\n<\/div>[\/vc_column][\/vc_row]\n<\/div>","protected":false},"excerpt":{"rendered":"<p>[vc_row full_width=&#8221;stretch_row_content&#8221;][vc_column][\/vc_column][\/vc_row]<\/p>\n","protected":false},"author":1,"featured_media":0,"parent":0,"menu_order":0,"comment_status":"open","ping_status":"open","template":"template-layout-content-sidebar.php","meta":{"footnotes":""},"class_list":["post-393","page","type-page","status-publish","hentry","no-post-thumbnail"],"_links":{"self":[{"href":"http:\/\/www.arkar.com.tr\/index.php?rest_route=\/wp\/v2\/pages\/393","targetHints":{"allow":["GET"]}}],"collection":[{"href":"http:\/\/www.arkar.com.tr\/index.php?rest_route=\/wp\/v2\/pages"}],"about":[{"href":"http:\/\/www.arkar.com.tr\/index.php?rest_route=\/wp\/v2\/types\/page"}],"author":[{"embeddable":true,"href":"http:\/\/www.arkar.com.tr\/index.php?rest_route=\/wp\/v2\/users\/1"}],"replies":[{"embeddable":true,"href":"http:\/\/www.arkar.com.tr\/index.php?rest_route=%2Fwp%2Fv2%2Fcomments&post=393"}],"version-history":[{"count":5,"href":"http:\/\/www.arkar.com.tr\/index.php?rest_route=\/wp\/v2\/pages\/393\/revisions"}],"predecessor-version":[{"id":1074,"href":"http:\/\/www.arkar.com.tr\/index.php?rest_route=\/wp\/v2\/pages\/393\/revisions\/1074"}],"wp:attachment":[{"href":"http:\/\/www.arkar.com.tr\/index.php?rest_route=%2Fwp%2Fv2%2Fmedia&parent=393"}],"curies":[{"name":"wp","href":"https:\/\/api.w.org\/{rel}","templated":true}]}}